{"id":8123,"date":"2022-02-14T13:42:49","date_gmt":"2022-02-14T10:42:49","guid":{"rendered":"https:\/\/www.detayelektroteknik.com\/en\/?page_id=8123"},"modified":"2022-02-14T13:52:52","modified_gmt":"2022-02-14T10:52:52","slug":"catalog","status":"publish","type":"page","link":"https:\/\/www.detayelektroteknik.com\/en\/catalog\/","title":{"rendered":"Catalog"},"content":{"rendered":"<p>[vc_row full_width=&#8221;stretch_row&#8221; el_class=&#8221;under-menu-topbar&#8221; css=&#8221;.vc_custom_1632351686510{padding-top: 60px !important;padding-bottom: 60px !important;background-image: url(https:\/\/www.detayelektroteknik.com\/en\/\/wp-content\/uploads\/2021\/09\/slider01.jpg?id=7491) !important;}&#8221;][vc_column]<header class=\"kd-section-title vc_col-lg-6 vc_col-sm-8 text-center    \" ><h1 class=\"separator_off\" >Catalog<\/h1><\/header>[\/vc_column][\/vc_row]<\/p>\r\n\r\n<div class=\"wp-block-file\"><object class=\"wp-block-file__embed\" style=\"width: 100%; height: 600px;\" data=\"https:\/\/www.detayelektroteknik.com\/en\/wp-content\/uploads\/2022\/02\/Detay-Catalog.pdf\" type=\"application\/pdf\" width=\"300\" height=\"150\" aria-label=\"Detay-Catalog g\u00f6m\u00fcs\u00fc.\"><\/object><a href=\"https:\/\/www.detayelektroteknik.com\/en\/wp-content\/uploads\/2022\/02\/Detay-Catalog.pdf\">Detay Elektroteknik Catalog Download<\/a><\/div>\r\n","protected":false},"excerpt":{"rendered":"<p>[vc_row full_width=&#8221;stretch_row&#8221; el_class=&#8221;under-menu-topbar&#8221; css=&#8221;.vc_custom_1632351686510{padding-top: 60px !important;padding-bottom: 60px !important;background-image: url(https:\/\/www.detayelektroteknik.com\/en\/\/wp-content\/uploads\/2021\/09\/slider01.jpg?id=7491) !important;}&#8221;][vc_column][\/vc_column][\/vc_row]<\/p>\n","protected":false},"author":1,"featured_media":0,"parent":0,"menu_order":0,"comment_status":"closed","ping_status":"closed","template":"","meta":[],"_links":{"self":[{"href":"https:\/\/www.detayelektroteknik.com\/en\/wp-json\/wp\/v2\/pages\/8123"}],"collection":[{"href":"https:\/\/www.detayelektroteknik.com\/en\/wp-json\/wp\/v2\/pages"}],"about":[{"href":"https:\/\/www.detayelektroteknik.com\/en\/wp-json\/wp\/v2\/types\/page"}],"author":[{"embeddable":true,"href":"https:\/\/www.detayelektroteknik.com\/en\/wp-json\/wp\/v2\/users\/1"}],"replies":[{"embeddable":true,"href":"https:\/\/www.detayelektroteknik.com\/en\/wp-json\/wp\/v2\/comments?post=8123"}],"version-history":[{"count":10,"href":"https:\/\/www.detayelektroteknik.com\/en\/wp-json\/wp\/v2\/pages\/8123\/revisions"}],"predecessor-version":[{"id":8138,"href":"https:\/\/www.detayelektroteknik.com\/en\/wp-json\/wp\/v2\/pages\/8123\/revisions\/8138"}],"wp:attachment":[{"href":"https:\/\/www.detayelektroteknik.com\/en\/wp-json\/wp\/v2\/media?parent=8123"}],"curies":[{"name":"wp","href":"https:\/\/api.w.org\/{rel}","templated":true}]}}